{"id":298,"date":"2019-11-09T10:34:54","date_gmt":"2019-11-09T10:34:54","guid":{"rendered":"https:\/\/wcrrentacar.com\/web\/?page_id=298"},"modified":"2019-11-09T22:01:21","modified_gmt":"2019-11-10T01:01:21","slug":"terminos-y-condiciones","status":"publish","type":"page","link":"https:\/\/wcrrentacar.com\/web\/terminos-y-condiciones\/","title":{"rendered":"Terminos y Condiciones"},"content":{"rendered":"\n<p><strong>Cobertura parcial por colisi\u00f3n (CDW):<\/strong><\/p>\n\n\n\n<p>En caso de que la carrocer\u00eda resultase da\u00f1ada por colisi\u00f3n durante el alquiler, la cantidad m\u00e1xima que podr\u00eda tener que abonar ser\u00eda la llamada \u00abfranquicia por da\u00f1os\u00bb. La cobertura s\u00f3lo ser\u00e1 v\u00e1lida en caso de cumplirse los t\u00e9rminos del contrato de alquiler. No se contemplar\u00edan otras partes del veh\u00edculo (como ventanas, ruedas, interiores, techo o bajos), tasas (como por remolque o por tiempo sin uso) ni objetos dentro del mismo (como sillas de ni\u00f1o, dispositivos GPS o efectos personales). El pasajero deber\u00e1 presentar la siguiente informaci\u00f3n y documentaci\u00f3n: Exposici\u00f3n o denuncia policial seg\u00fan corresponda, DNI o pasaporte del conductor del tercero (fotocopia o foto), c\u00e9dula verde del tercero (fotocopia o foto), licencia de conducir del tercero (fotocopia o foto), comprobante del seguro del tercero (fotocopia o foto), N\u00famero de tel\u00e9fono del tercero.<\/p>\n\n\n\n<p><strong>Seguro de responsabilidad civil (TPL):<\/strong><\/p>\n\n\n\n<p>\u00c9sta cubre la responsabilidad del conductor por lesiones o da\u00f1os a la propiedad contemplados en la p\u00f3liza. No cubre, sin embargo, posibles lesiones del conductor o da\u00f1os al veh\u00edculo de alquiler. La cobertura s\u00f3lo ser\u00e1 v\u00e1lida en caso de cumplirse los t\u00e9rminos del contrato de alquiler.<\/p>\n\n\n\n<p><strong>Cobertura en caso de robo (TP):<\/strong><\/p>\n\n\n\n<p>En caso de que el veh\u00edculo fuese robado, la cantidad m\u00e1xima que podr\u00eda tener que abonar en concepto de reemplazo ser\u00eda la llamada \u00abfranquicia por robo\u00bb. La cobertura s\u00f3lo ser\u00e1 v\u00e1lida en caso de cumplirse los t\u00e9rminos del contrato de alquiler.<\/p>\n\n\n\n<p><strong>Kilometraje:<\/strong><\/p>\n\n\n\n<p>Su alquiler incluye kilometraje ilimitado.<\/p>\n\n\n\n<p><strong>Cargos locales :<\/strong><\/p>\n\n\n\n<p>Este apartado muestra los cargos que deber\u00e1 pagar en la oficina de alquiler. Estos cargos dependen del lugar de recogida, del conductor y del tipo de trayecto que se va a realizar con el veh\u00edculo. Este apartado no incluye los cargos adicionales que se aplicar\u00e1n en la oficina de alquiler en concepto de combustible, asientos de ni\u00f1o u otros servicios adicionales. Consulte los t\u00e9rminos y condiciones de su reserva si desea obtener informaci\u00f3n sobre otros posibles cargos aplicables. Usted se hace responsable de todos los cargos y sanciones, incluidos cargos por peaje, cargos de congesti\u00f3n y multas de tr\u00e1fico.<\/p>\n\n\n\n<p><strong>Despu\u00e9s de su alquiler:<\/strong><\/p>\n\n\n\n<p>En caso de costos adicionales aplicables, como multas por exceso de velocidad o tasas de congesti\u00f3n, la compa\u00f1\u00eda de alquiler tratar\u00e1 de ponerse en contacto con usted cuando las autoridades soliciten la identidad del conductor. Tal proceso podr\u00eda darse meses despu\u00e9s del alquiler, y supondr\u00e1 el pago de la tasa administrativa impuesta por la compa\u00f1\u00eda adem\u00e1s de la suma original por la sanci\u00f3n. Importante: para facilitarle la comparaci\u00f3n entre distintas compa\u00f1\u00edas, hemos estandarizado los nombres de estos cargos. Tenga en cuenta que los nombres utilizados por la compa\u00f1\u00eda de alquiler de su reserva pueden ser distintos.<\/p>\n\n\n\n<p><strong>Alquileres de trayecto \u00fanico:<\/strong><\/p>\n\n\n\n<p>Si decide alquilar un veh\u00edculo en una oficina y devolverlo en otra diferente, la compa\u00f1\u00eda de alquiler podr\u00e1 cobrarle una tasa de trayecto \u00fanico en concepto de los gastos ocasionados al tener que devolver el veh\u00edculo a la oficina de retirada. Deber\u00e1 informarnos con antelaci\u00f3n si desea efectuar una reserva de trayecto \u00fanico. Por otro lado, si devuelve el veh\u00edculo en una oficina diferente a la establecida en su reserva, la compa\u00f1\u00eda de alquiler le penalizar\u00e1 con un cargo extra. Otros cargos Si esto es aplicable, el personal de la oficina le cobrar\u00e1 un importe adicional cuando vaya a retirar o a devolver el veh\u00edculo: Cargo por la limpieza y el cuidado del veh\u00edculo La compa\u00f1\u00eda de alquiler le cobrar\u00e1 un importe adicional si el veh\u00edculo requiere una limpieza a fondo una vez finalizada su reserva.<\/p>\n\n\n\n<p><strong>Formas de pago aceptadas en la oficina de recogida:<\/strong><\/p>\n\n\n\n<p>Deber\u00e1 presentar una tarjeta de cr\u00e9dito para retirar el veh\u00edculo. El conductor principal deber\u00e1 presentar una tarjeta de cr\u00e9dito a su nombre para retirar el veh\u00edculo. La tarjeta deber\u00e1 disponer de fondos suficientes para cubrir el dep\u00f3sito\/franquicia que le bloquear\u00e1n hasta que finalice el alquiler. Deber\u00e1 utilizar la misma tarjeta para pagar los impuestos locales, los extras solicitados en su reserva o cualquier otro servicio adicional que decida contratar localmente. El proveedor del coche no acepta dinero en met\u00e1lico ni tarjetas de d\u00e9bito.<\/p>\n\n\n\n<p><strong>Tarjetas de cr\u00e9dito aceptadas:<\/strong><\/p>\n\n\n\n<p>American Express MasterCard Visa Cabal<\/p>\n\n\n\n<p><strong>Requisitos del permiso de conducir :<\/strong><\/p>\n\n\n\n<p>Al retirar el veh\u00edculo, tanto el conductor principal como los conductores adicionales deber\u00e1n presentar su permiso de conducir. Deber\u00e1 presentar un Permiso Internacional de conducci\u00f3n si su permiso de conducir no est\u00e1 en alfabeto romano. Formas de identificaci\u00f3n Es imprescindible presentar un pasaporte o Documento Nacional de Identidad.<\/p>\n\n\n\n<p><strong>Vale de confirmaci\u00f3n \/ Vale electr\u00f3nico:<\/strong><\/p>\n\n\n\n<p>Al recoger el veh\u00edculo es necesario presentar el voucher correspondiente al alquiler.<\/p>\n\n\n\n<p><strong>Restricciones de edad:<\/strong><\/p>\n\n\n\n<p>La edad m\u00ednima para conducir este veh\u00edculo es de 21 a\u00f1os. Todas las restricciones y cargos relativos a la edad son aplicables a todos los conductores adicionales.<\/p>\n\n\n\n<p><strong>Informaci\u00f3n de la llegada o Datos del Vuelo:<\/strong><\/p>\n\n\n\n<p>Si llega por v\u00eda a\u00e9rea le rogamos informar el n\u00famero de vuelo para poder esperarlo en el horario de arribo del mismo.<\/p>\n\n\n\n<p><strong>Opciones de combustible Lleno\/Lleno:<\/strong><\/p>\n\n\n\n<p>Le entregar\u00e1n el veh\u00edculo con el tanque de combustible lleno o parcialmente lleno. Deber\u00e1 devolver el veh\u00edculo con la misma cantidad de combustible con que se lo entregaron.<\/p>\n\n\n\n<p><strong>Cruce de fronteras:<\/strong><\/p>\n\n\n\n<p>Los veh\u00edculos no est\u00e1n autorizados a salir del territorio Argentino, en caso de necesitar permiso para salir del pa\u00eds, comuniques\u00e9 con nosotros y consulte previamente si es posible.<\/p>\n\n\n\n<p><strong>Tasas e impuestos:<\/strong><\/p>\n\n\n\n<p>Todos los servicios adicionales est\u00e1n sujetos a los impuestos locales e impuestos sobre ventas.<\/p>\n\n\n\n<p><strong>Informaci\u00f3n importante;<\/strong><\/p>\n\n\n\n<p>Antes de retirar el veh\u00edculo, le recomendamos que lea detenidamente los t\u00e9rminos y condiciones de su alquiler para asegurarse de que comprende la legislaci\u00f3n de su lugar de alquiler. Inf\u00f3rmese de los documentos que deber\u00e1 llevar (por ejemplo, permiso de conducir, Documento Nacional de Identidad y tarjetas de pago) y aseg\u00farese de que dispone de cr\u00e9dito suficiente para pagar cualquier extra o servicio adicional previamente solicitado. De no cumplir con los requisitos establecidos por la compa\u00f1\u00eda de alquiler, esta se reserva el derecho de entregarle el veh\u00edculo. Al realizar su reserva, usted confirma que ha le\u00eddo y acepta nuestros t\u00e9rminos y condiciones.<\/p>\n\n\n\n<p><strong>Cancelaciones, No Shows y cambios de reserva Cancelaciones:<\/strong><\/p>\n\n\n\n<p>Reservas pagadas inicialmente en su totalidad Si cancela su reserva con una antelaci\u00f3n m\u00ednima de 48 horas antes de la fecha de inicio del alquiler, solamente le cobraremos un d\u00eda de alquiler que quedar\u00e1 a cuenta para un futuro alquiler en la misma sucursal. Si cancela su reserva con menos de 48 horas de antelaci\u00f3n, le devolveremos el importe abonado menos el costo equivalente a 3 d\u00edas de alquiler. Si la duraci\u00f3n de su alquiler es inferior a 3 d\u00edas, no le cobraremos un cargo adicional, pero tampoco efectuaremos una devoluci\u00f3n de ning\u00fan tipo. Si no retira el veh\u00edculo en la fecha y hora acordadas, y\/o no puede facilitar a la compa\u00f1\u00eda de alquiler la documentaci\u00f3n necesaria, y\/o no posee una tarjeta de cr\u00e9dito con fondos suficientes, la compa\u00f1\u00eda de alquiler se reserva el derecho de no entregarle el veh\u00edculo. De ser ese el caso: nos comprometemos a devolverle el importe abonado menos el coste equivalente a 3 d\u00edas de alquiler.<\/p>\n\n\n\n<p><strong>Cancelaciones:<\/strong><\/p>\n\n\n\n<p>Reservas pagadas con un dep\u00f3sito inicial Si cancela su reserva con una antelaci\u00f3n m\u00ednima de 48 horas antes de la fecha de inicio del alquiler, le devolveremos el importe de la reserva menos el costo del dep\u00f3sito que pag\u00f3 inicialmente. Si cancela con menos de 48 horas de antelaci\u00f3n, pero antes de que comience su alquiler, le devolveremos el importe de la reserva menos el costo del dep\u00f3sito inicial o menos el costor equivalente a 3 d\u00edas de alquiler, cualquier que sea mayor. Si la duraci\u00f3n de su alquiler es inferior a 3 d\u00edas, no le cobraremos un cargo adicional, pero tampoco efectuaremos una devoluci\u00f3n de ning\u00fan tipo.<\/p>\n\n\n\n<p><strong>No Show:<\/strong><\/p>\n\n\n\n<p>Se considera \u00abNo show\u00bb cuando: desea cancelar la reserva pero no nos informa antes de la fecha de inicio del alquiler, o no retira el veh\u00edculo en la fecha y la hora acordadas, o no puede proporcionar a la compa\u00f1\u00eda de alquiler la documentaci\u00f3n necesaria para poder retirar el veh\u00edculo, o no dispone de una tarjeta de cr\u00e9dito con fondos suficientes a nombre del conductor principal. En ninguno de estos casos se efectuar\u00e1 un reembolso. La compa\u00f1\u00eda de alquiler se reserva el derecho de no entregar el veh\u00edculo a un cliente si este no llega a la hora establecida en su reserva, a pesar de que posea toda la documentaci\u00f3n necesaria y una tarjeta de cr\u00e9dito con fondos suficientes para dejar el dep\u00f3sito de seguridad. En tal caso, y a menos que la reserva haya sido cancelada con anterioridad, el cliente no tendr\u00e1 derecho a un reembolso.<\/p>\n\n\n\n<p><strong>Modificaciones (cambios en su reserva):<\/strong><\/p>\n\n\n\n<p>Puede realizar cambios en su reserva en cualquier momento anterior a la hora acordada para la recogida del veh\u00edculo.<br><\/p>\n","protected":false},"excerpt":{"rendered":"<p>Cobertura parcial por colisi\u00f3n (CDW): En caso de que la carrocer\u00eda resultase da\u00f1ada por colisi\u00f3n durante el alquiler, la cantidad m\u00e1xima que podr\u00eda tener que abonar ser\u00eda la llamada \u00abfranquicia por da\u00f1os\u00bb. La cobertura s\u00f3lo ser\u00e1 v\u00e1lida en caso de cumplirse los t\u00e9rminos del contrato de alquiler. No se contemplar\u00edan otras partes del veh\u00edculo (como [&hellip;]<\/p>\n","protected":false},"author":3,"featured_media":0,"parent":0,"menu_order":0,"comment_status":"closed","ping_status":"closed","template":"template-full-width.php","meta":{"_joinchat":[],"footnotes":""},"class_list":["post-298","page","type-page","status-publish","hentry"],"_links":{"self":[{"href":"https:\/\/wcrrentacar.com\/web\/wp-json\/wp\/v2\/pages\/298","targetHints":{"allow":["GET"]}}],"collection":[{"href":"https:\/\/wcrrentacar.com\/web\/wp-json\/wp\/v2\/pages"}],"about":[{"href":"https:\/\/wcrrentacar.com\/web\/wp-json\/wp\/v2\/types\/page"}],"author":[{"embeddable":true,"href":"https:\/\/wcrrentacar.com\/web\/wp-json\/wp\/v2\/users\/3"}],"replies":[{"embeddable":true,"href":"https:\/\/wcrrentacar.com\/web\/wp-json\/wp\/v2\/comments?post=298"}],"version-history":[{"count":1,"href":"https:\/\/wcrrentacar.com\/web\/wp-json\/wp\/v2\/pages\/298\/revisions"}],"predecessor-version":[{"id":299,"href":"https:\/\/wcrrentacar.com\/web\/wp-json\/wp\/v2\/pages\/298\/revisions\/299"}],"wp:attachment":[{"href":"https:\/\/wcrrentacar.com\/web\/wp-json\/wp\/v2\/media?parent=298"}],"curies":[{"name":"wp","href":"https:\/\/api.w.org\/{rel}","templated":true}]}}